{"id":77,"date":"2022-10-17T07:03:13","date_gmt":"2022-10-17T12:03:13","guid":{"rendered":"https:\/\/innovati.mx\/index.php\/services\/"},"modified":"2023-08-22T13:43:39","modified_gmt":"2023-08-22T18:43:39","slug":"servicios","status":"publish","type":"page","link":"https:\/\/innovati.mx\/index.php\/servicios\/","title":{"rendered":"Servicios"},"content":{"rendered":"\n<div class=\"wp-block-uagb-container uagb-block-246878b9 alignfull uagb-is-root-container\"><div class=\"uagb-container-inner-blocks-wrap\">\n<div class=\"wp-block-uagb-advanced-heading uagb-block-4bb407a8 animated fadeIn\"><h1 class=\"uagb-heading-text\">SERVICIOS<\/h1><\/div>\n<\/div><\/div>\n\n\n\n<div class=\"wp-block-uagb-container uagb-block-9a1f4829 alignfull uagb-is-root-container\"><div class=\"uagb-container-inner-blocks-wrap\">\n<div class=\"wp-block-uagb-container uagb-block-5b10199b\">\n<div class=\"wp-block-uagb-container uagb-block-829a589a\">\n<div class=\"wp-block-uagb-container uagb-block-678006ea\">\n<figure class=\"wp-block-image size-large has-custom-border animated backInLeft\"><img loading=\"lazy\" decoding=\"async\" width=\"1024\" height=\"576\" src=\"https:\/\/innovati.mx\/wp-content\/uploads\/2023\/05\/Diseno-sin-titulo-2-1-1024x576.png\" alt=\"\" class=\"wp-image-1487\" style=\"border-radius:10px\" srcset=\"https:\/\/innovati.mx\/wp-content\/uploads\/2023\/05\/Diseno-sin-titulo-2-1-1024x576.png 1024w, https:\/\/innovati.mx\/wp-content\/uploads\/2023\/05\/Diseno-sin-titulo-2-1-300x169.png 300w, https:\/\/innovati.mx\/wp-content\/uploads\/2023\/05\/Diseno-sin-titulo-2-1-768x432.png 768w, https:\/\/innovati.mx\/wp-content\/uploads\/2023\/05\/Diseno-sin-titulo-2-1-1536x864.png 1536w, https:\/\/innovati.mx\/wp-content\/uploads\/2023\/05\/Diseno-sin-titulo-2-1.png 1920w\" sizes=\"auto, (max-width: 1024px) 100vw, 1024px\" \/><\/figure>\n<\/div>\n\n\n\n<div class=\"wp-block-uagb-container uagb-block-b87561ee\">\n<div class=\"wp-block-uagb-info-box uagb-block-62dbd4a6 uagb-infobox__content-wrap  uagb-infobox-icon-above-title uagb-infobox-image-valign-top justificado\"><div class=\"uagb-ifb-content\"><div class=\"uagb-ifb-title-wrap\"><h3 class=\"uagb-ifb-title\">Ciberseguridad<\/h3><\/div><p class=\"uagb-ifb-desc\"><br>La ciberseguridad es un conjunto de pr\u00e1cticas y herramientas dirigidas a proteger los sistemas, informaci\u00f3n confidencial y la infraestructura de TI del acceso no autorizado procedente de amenazas digitales dirigidas al personal, hardware, software y procedimientos, entre otras. Las amenazas m\u00e1s comunes a las que se enfrentan las empresas y organizaciones son los ciberataques incluyen una amplia gama de m\u00e9todos dise\u00f1ados para infiltrar, robar, inhabilitar o destruir informaci\u00f3n. Entre las amenazas m\u00e1s frecuentes encontramos malware, phishing, ransomware y ataques de denegaci\u00f3n de servicio (DoS\/DDoS), adem\u00e1s de otras.&nbsp;&nbsp;<br>&nbsp;&nbsp;<br>Conoce m\u00e1s de nuestras soluciones en ciberseguridad.&nbsp;<\/p><div class=\"uagb-ifb-button-wrapper wp-block-button\"><a href=\"\/index.php\/contacto\/\" class=\"uagb-infobox-cta-link wp-block-button__link\" target=\"_self\" rel=\"noopener noreferrer\" onclick=\"return true;\" alt=\"\"><span class=\"uagb-inline-editing\">Cont\u00e1ctanos<\/span><\/a><\/div><\/div><\/div>\n<\/div>\n<\/div>\n\n\n\n<div class=\"wp-block-uagb-container uagb-block-d48ea439\">\n<div class=\"wp-block-uagb-container uagb-block-4c635737\">\n<div class=\"wp-block-uagb-info-box uagb-block-7f3a4fa3 uagb-infobox__content-wrap  uagb-infobox-icon-above-title uagb-infobox-image-valign-top justificado\"><div class=\"uagb-ifb-content\"><div class=\"uagb-ifb-title-wrap\"><h3 class=\"uagb-ifb-title\">Inteligencia de Negocios (BI)<\/h3><\/div><p class=\"uagb-ifb-desc\">La&nbsp;Inteligencia de Negocios&nbsp;es un concepto general de m\u00e9todos y procesos que identifican y proveen informaci\u00f3n t\u00e1ctica a las empresas para apoyar y permitir la toma de decisiones informadas, ayudando a identificar \u00e1reas de oportunidad, clientes m\u00e1s rentables y otras posibles \u00e1reas de inversi\u00f3n.<br>Por medio del uso eficaz de la informaci\u00f3n derivada de estos procesos es posible anticiparse a comportamientos de los clientes y competencia, para la identificaci\u00f3n de tendencias y planeaci\u00f3n.<\/p><div class=\"uagb-ifb-button-wrapper wp-block-button\"><a href=\"\/index.php\/contacto\/\" class=\"uagb-infobox-cta-link wp-block-button__link\" target=\"_self\" rel=\"noopener noreferrer\" onclick=\"return true;\" alt=\"\"><span class=\"uagb-inline-editing\">Cont\u00e1ctanos<\/span><\/a><\/div><\/div><\/div>\n<\/div>\n\n\n\n<div class=\"wp-block-uagb-container uagb-block-4fba9a74\">\n<figure class=\"wp-block-image size-large has-custom-border animated backInRight\"><img loading=\"lazy\" decoding=\"async\" width=\"1024\" height=\"576\" src=\"https:\/\/innovati.mx\/wp-content\/uploads\/2023\/05\/Diseno-sin-titulo-3-1-1024x576.png\" alt=\"\" class=\"wp-image-1486\" style=\"border-radius:5px\" srcset=\"https:\/\/innovati.mx\/wp-content\/uploads\/2023\/05\/Diseno-sin-titulo-3-1-1024x576.png 1024w, https:\/\/innovati.mx\/wp-content\/uploads\/2023\/05\/Diseno-sin-titulo-3-1-300x169.png 300w, https:\/\/innovati.mx\/wp-content\/uploads\/2023\/05\/Diseno-sin-titulo-3-1-768x432.png 768w, https:\/\/innovati.mx\/wp-content\/uploads\/2023\/05\/Diseno-sin-titulo-3-1-1536x864.png 1536w, https:\/\/innovati.mx\/wp-content\/uploads\/2023\/05\/Diseno-sin-titulo-3-1.png 1920w\" sizes=\"auto, (max-width: 1024px) 100vw, 1024px\" \/><\/figure>\n<\/div>\n<\/div>\n\n\n\n<div class=\"wp-block-uagb-container uagb-block-52d70b03\">\n<div class=\"wp-block-uagb-container uagb-block-455a5c2e\">\n<figure class=\"wp-block-image size-large has-custom-border animated backInLeft\"><img loading=\"lazy\" decoding=\"async\" width=\"1024\" height=\"576\" src=\"https:\/\/innovati.mx\/wp-content\/uploads\/2023\/05\/Diseno-sin-titulo-5-1024x576.png\" alt=\"\" class=\"wp-image-1492\" style=\"border-radius:10px\" srcset=\"https:\/\/innovati.mx\/wp-content\/uploads\/2023\/05\/Diseno-sin-titulo-5-1024x576.png 1024w, https:\/\/innovati.mx\/wp-content\/uploads\/2023\/05\/Diseno-sin-titulo-5-300x169.png 300w, https:\/\/innovati.mx\/wp-content\/uploads\/2023\/05\/Diseno-sin-titulo-5-768x432.png 768w, https:\/\/innovati.mx\/wp-content\/uploads\/2023\/05\/Diseno-sin-titulo-5-1536x864.png 1536w, https:\/\/innovati.mx\/wp-content\/uploads\/2023\/05\/Diseno-sin-titulo-5.png 1920w\" sizes=\"auto, (max-width: 1024px) 100vw, 1024px\" \/><\/figure>\n<\/div>\n\n\n\n<div class=\"wp-block-uagb-container uagb-block-6f56a252\">\n<div class=\"wp-block-uagb-info-box uagb-block-16dfb029 uagb-infobox__content-wrap  uagb-infobox-icon-above-title uagb-infobox-image-valign-top justificado\"><div class=\"uagb-ifb-content\"><div class=\"uagb-ifb-title-wrap\"><h3 class=\"uagb-ifb-title\">Gesti\u00f3n de Proyectos (PMO)<br><\/h3><\/div><p class=\"uagb-ifb-desc\">Las PMO son grupos o \u00e1reas que establecen y mantienen est\u00e1ndares de procesos que se relacionan con la gesti\u00f3n de proyectos en una empresa. Existen diversas metodolog\u00edas y est\u00e1ndares establecidos dirigidos a proyectos incluyendo, entre otros, el almacenamiento y mantenimiento de informaci\u00f3n hist\u00f3rica, la gesti\u00f3n de recursos, planeaci\u00f3n y seguimiento, manteniendo una funci\u00f3n consultiva interdisciplinaria en la organizaci\u00f3n.<br>Pregunta por nuestras soluciones. <\/p><div class=\"uagb-ifb-button-wrapper wp-block-button\"><a href=\"\/index.php\/contacto\/\" class=\"uagb-infobox-cta-link wp-block-button__link\" target=\"_self\" rel=\"noopener noreferrer\" onclick=\"return true;\" alt=\"\"><span class=\"uagb-inline-editing\">Cont\u00e1ctanos<\/span><\/a><\/div><\/div><\/div>\n<\/div>\n<\/div>\n\n\n\n<div class=\"wp-block-uagb-container uagb-block-c45ac3c4\">\n<div class=\"wp-block-uagb-container uagb-block-7be8e20d\">\n<div class=\"wp-block-uagb-info-box uagb-block-319b71ab uagb-infobox__content-wrap  uagb-infobox-icon-above-title uagb-infobox-image-valign-top justificado\"><div class=\"uagb-ifb-content\"><div class=\"uagb-ifb-title-wrap\"><h3 class=\"uagb-ifb-title\">Planificaci\u00f3n de Recursos Empresariales (ERP)<\/h3><\/div><p class=\"uagb-ifb-desc\">La Planificaci\u00f3n de Recursos Empresariales o ERP se refiere a un sistema integral dirigido a satisfacer los requerimientos de la gesti\u00f3n empresarial, promoviendo la automatizaci\u00f3n y administraci\u00f3n de procesos fundamentales como la contabilidad, log\u00edstica, compras-ventas, as\u00ed como el manejo de recursos, facilitando la trazabilidad y el control, impulsando el rendimiento y acelerando el impacto en la operaci\u00f3n.<br>Tenemos soluciones adecuadas para tu empresa, cont\u00e1ctanos.<\/p><div class=\"uagb-ifb-button-wrapper wp-block-button\"><a href=\"\/index.php\/contacto\/\" class=\"uagb-infobox-cta-link wp-block-button__link\" target=\"_self\" rel=\"noopener noreferrer\" onclick=\"return true;\" alt=\"\"><span class=\"uagb-inline-editing\">Cont\u00e1ctanos<\/span><\/a><\/div><\/div><\/div>\n<\/div>\n\n\n\n<div class=\"wp-block-uagb-container uagb-block-2b113283\">\n<figure class=\"wp-block-image size-large has-custom-border animated backInRight\"><img loading=\"lazy\" decoding=\"async\" width=\"1024\" height=\"576\" src=\"https:\/\/innovati.mx\/wp-content\/uploads\/2023\/05\/Diseno-sin-titulo-4-1024x576.png\" alt=\"\" class=\"wp-image-1489\" style=\"border-radius:5px\" srcset=\"https:\/\/innovati.mx\/wp-content\/uploads\/2023\/05\/Diseno-sin-titulo-4-1024x576.png 1024w, https:\/\/innovati.mx\/wp-content\/uploads\/2023\/05\/Diseno-sin-titulo-4-300x169.png 300w, https:\/\/innovati.mx\/wp-content\/uploads\/2023\/05\/Diseno-sin-titulo-4-768x432.png 768w, https:\/\/innovati.mx\/wp-content\/uploads\/2023\/05\/Diseno-sin-titulo-4-1536x864.png 1536w, https:\/\/innovati.mx\/wp-content\/uploads\/2023\/05\/Diseno-sin-titulo-4.png 1920w\" sizes=\"auto, (max-width: 1024px) 100vw, 1024px\" \/><\/figure>\n<\/div>\n<\/div>\n\n\n\n<div class=\"wp-block-uagb-container uagb-block-442abb7c\">\n<div class=\"wp-block-uagb-container uagb-block-79a6fa34\">\n<div class=\"wp-block-uagb-info-box uagb-block-bbbaf86c uagb-infobox__content-wrap  uagb-infobox-icon-above-title uagb-infobox-image-valign-top justificado\"><div class=\"uagb-ifb-content\"><div class=\"uagb-ifb-title-wrap\"><h3 class=\"uagb-ifb-title\">Perfeccionamiento y Capital Humano<\/h3><\/div><p class=\"uagb-ifb-desc\">El perfeccionamiento es un intento permanente para mejorar el estatus quo o superar barreras identificadas.\u00a0 Entre los tipos de perfeccionamiento se incluyen sistemas de gesti\u00f3n organizacional cuyo objetivo es aumentar y potenciar la eficiencia y competitividad de la empresa al otorgarle las facultades y atribuciones necesarias para una correcta administraci\u00f3n. El perfeccionamiento y profesionalizaci\u00f3n de colaboradores, incluye el desarrollo y mejora de las competencias t\u00e9cnicas y blandas por medio de programas dise\u00f1ado espec\u00edficamente para el impulso integral y sistem\u00e1tico de las personas.\u00a0\u00a0\u00a0<br>La conducci\u00f3n del capital humano en las empresas desempe\u00f1a un papel decisivo en la administraci\u00f3n de los recursos humanos, materiales y financieros que garantizan la correcta ejecuci\u00f3n de los objetivos de las empresas.\u00a0Y preparaci\u00f3n para certificaciones.<br>Cont\u00e1ctanos para conocer las soluciones que tenemos para tu empresa.\u00a0<\/p><div class=\"uagb-ifb-button-wrapper wp-block-button\"><a href=\"\/index.php\/contacto\/\" class=\"uagb-infobox-cta-link wp-block-button__link\" target=\"_self\" rel=\"noopener noreferrer\" onclick=\"return true;\" alt=\"\"><span class=\"uagb-inline-editing\">Cont\u00e1ctanos<\/span><\/a><\/div><\/div><\/div>\n<\/div>\n\n\n\n<div class=\"wp-block-uagb-container uagb-block-47336ab8\">\n<figure class=\"wp-block-image size-large has-custom-border animated backInRight\"><img loading=\"lazy\" decoding=\"async\" width=\"1024\" height=\"576\" src=\"https:\/\/innovati.mx\/wp-content\/uploads\/2023\/05\/Diseno-sin-titulo-6-1024x576.png\" alt=\"\" class=\"wp-image-1494\" style=\"border-radius:10px\" srcset=\"https:\/\/innovati.mx\/wp-content\/uploads\/2023\/05\/Diseno-sin-titulo-6-1024x576.png 1024w, https:\/\/innovati.mx\/wp-content\/uploads\/2023\/05\/Diseno-sin-titulo-6-300x169.png 300w, https:\/\/innovati.mx\/wp-content\/uploads\/2023\/05\/Diseno-sin-titulo-6-768x432.png 768w, https:\/\/innovati.mx\/wp-content\/uploads\/2023\/05\/Diseno-sin-titulo-6-1536x864.png 1536w, https:\/\/innovati.mx\/wp-content\/uploads\/2023\/05\/Diseno-sin-titulo-6.png 1920w\" sizes=\"auto, (max-width: 1024px) 100vw, 1024px\" \/><\/figure>\n<\/div>\n<\/div>\n<\/div>\n<\/div><\/div>\n\n\n\n<div class=\"wp-block-uagb-container uagb-block-e14d9184 alignfull uagb-is-root-container\"><div class=\"uagb-container-inner-blocks-wrap\">\n<div class=\"wp-block-uagb-advanced-heading uagb-block-9266cb1e\"><h2 class=\"uagb-heading-text\">BECOME BETTER BUSINESS<\/h2><\/div>\n<\/div><\/div>\n\n\n\n<div class=\"wp-block-uagb-container uagb-block-db4310bb alignfull uagb-is-root-container\"><div class=\"uagb-container-inner-blocks-wrap\"><\/div><\/div>\n","protected":false},"excerpt":{"rendered":"<p>SERVICIOS BECOME BETTER BUSINESS<\/p>\n","protected":false},"author":1,"featured_media":0,"parent":0,"menu_order":0,"comment_status":"closed","ping_status":"closed","template":"","meta":{"_uag_custom_page_level_css":"","site-sidebar-layout":"default","site-content-layout":"","ast-site-content-layout":"default","site-content-style":"default","site-sidebar-style":"default","ast-global-header-display":"","ast-banner-title-visibility":"","ast-main-header-display":"","ast-hfb-above-header-display":"","ast-hfb-below-header-display":"","ast-hfb-mobile-header-display":"","site-post-title":"disabled","ast-breadcrumbs-content":"","ast-featured-img":"","footer-sml-layout":"","ast-disable-related-posts":"","theme-transparent-header-meta":"disabled","adv-header-id-meta":"","stick-header-meta":"","header-above-stick-meta":"","header-main-stick-meta":"","header-below-stick-meta":"","astra-migrate-meta-layouts":"default","ast-page-background-enabled":"default","ast-page-background-meta":{"desktop":{"background-color":"var(--ast-global-color-4)","background-image":"","background-repeat":"repeat","background-position":"center center","background-size":"auto","background-attachment":"scroll","background-type":"","background-media":"","overlay-type":"","overlay-color":"","overlay-opacity":"","overlay-gradient":""},"tablet":{"background-color":"","background-image":"","background-repeat":"repeat","background-position":"center center","background-size":"auto","background-attachment":"scroll","background-type":"","background-media":"","overlay-type":"","overlay-color":"","overlay-opacity":"","overlay-gradient":""},"mobile":{"background-color":"","background-image":"","background-repeat":"repeat","background-position":"center center","background-size":"auto","background-attachment":"scroll","background-type":"","background-media":"","overlay-type":"","overlay-color":"","overlay-opacity":"","overlay-gradient":""}},"ast-content-background-meta":{"desktop":{"background-color":"var(--ast-global-color-5)","background-image":"","background-repeat":"repeat","background-position":"center center","background-size":"auto","background-attachment":"scroll","background-type":"","background-media":"","overlay-type":"","overlay-color":"","overlay-opacity":"","overlay-gradient":""},"tablet":{"background-color":"var(--ast-global-color-5)","background-image":"","background-repeat":"repeat","background-position":"center center","background-size":"auto","background-attachment":"scroll","background-type":"","background-media":"","overlay-type":"","overlay-color":"","overlay-opacity":"","overlay-gradient":""},"mobile":{"background-color":"var(--ast-global-color-5)","background-image":"","background-repeat":"repeat","background-position":"center center","background-size":"auto","background-attachment":"scroll","background-type":"","background-media":"","overlay-type":"","overlay-color":"","overlay-opacity":"","overlay-gradient":""}},"footnotes":""},"class_list":["post-77","page","type-page","status-publish","hentry"],"uagb_featured_image_src":{"full":false,"thumbnail":false,"medium":false,"medium_large":false,"large":false,"1536x1536":false,"2048x2048":false},"uagb_author_info":{"display_name":"jsegura","author_link":"https:\/\/innovati.mx\/index.php\/author\/jsegura\/"},"uagb_comment_info":0,"uagb_excerpt":"SERVICIOS BECOME BETTER BUSINESS","_links":{"self":[{"href":"https:\/\/innovati.mx\/index.php\/wp-json\/wp\/v2\/pages\/77","targetHints":{"allow":["GET"]}}],"collection":[{"href":"https:\/\/innovati.mx\/index.php\/wp-json\/wp\/v2\/pages"}],"about":[{"href":"https:\/\/innovati.mx\/index.php\/wp-json\/wp\/v2\/types\/page"}],"author":[{"embeddable":true,"href":"https:\/\/innovati.mx\/index.php\/wp-json\/wp\/v2\/users\/1"}],"replies":[{"embeddable":true,"href":"https:\/\/innovati.mx\/index.php\/wp-json\/wp\/v2\/comments?post=77"}],"version-history":[{"count":80,"href":"https:\/\/innovati.mx\/index.php\/wp-json\/wp\/v2\/pages\/77\/revisions"}],"predecessor-version":[{"id":1945,"href":"https:\/\/innovati.mx\/index.php\/wp-json\/wp\/v2\/pages\/77\/revisions\/1945"}],"wp:attachment":[{"href":"https:\/\/innovati.mx\/index.php\/wp-json\/wp\/v2\/media?parent=77"}],"curies":[{"name":"wp","href":"https:\/\/api.w.org\/{rel}","templated":true}]}}